{"id":630,"date":"2022-12-29T14:10:36","date_gmt":"2022-12-29T11:10:36","guid":{"rendered":"https:\/\/surrogacymed.com\/?page_id=630"},"modified":"2023-06-13T17:12:20","modified_gmt":"2023-06-13T14:12:20","slug":"our-programs","status":"publish","type":"page","link":"https:\/\/surrogacymed.com\/deu\/our-programs\/","title":{"rendered":"Unsere Programme"},"content":{"rendered":"<div data-elementor-type=\"wp-page\" data-elementor-id=\"630\" class=\"elementor elementor-630\">\n\t\t\t\t\t\t\t\t\t<section class=\"elementor-section elementor-top-section elementor-element elementor-element-4db3b8a elementor-section-boxed elementor-section-height-default elementor-section-height-default\" data-id=\"4db3b8a\" data-element_type=\"section\">\n\t\t\t\t\t\t<div class=\"elementor-container elementor-column-gap-default\">\n\t\t\t\t\t<div class=\"elementor-column elementor-col-50 elementor-top-column elementor-element elementor-element-921cdad\" data-id=\"921cdad\" data-element_type=\"column\">\n\t\t\t<div class=\"elementor-widget-wrap elementor-element-populated\">\n\t\t\t\t\t\t\t\t<div class=\"elementor-element elementor-element-94869c8 elementor-widget elementor-widget-heading\" data-id=\"94869c8\" data-element_type=\"widget\" data-widget_type=\"heading.default\">\n\t\t\t\t<div class=\"elementor-widget-container\">\n\t\t\t<style>\/*! elementor - v3.9.0 - 06-12-2022 *\/\n.elementor-heading-title{padding:0;margin:0;line-height:1}.elementor-widget-heading .elementor-heading-title[class*=elementor-size-]>a{color:inherit;font-size:inherit;line-height:inherit}.elementor-widget-heading .elementor-heading-title.elementor-size-small{font-size:15px}.elementor-widget-heading .elementor-heading-title.elementor-size-medium{font-size:19px}.elementor-widget-heading .elementor-heading-title.elementor-size-large{font-size:29px}.elementor-widget-heading .elementor-heading-title.elementor-size-xl{font-size:39px}.elementor-widget-heading .elementor-heading-title.elementor-size-xxl{font-size:59px}<\/style><h1 class=\"elementor-heading-title elementor-size-default\">Unsere Programme<\/h1>\t\t<\/div>\n\t\t\t\t<\/div>\n\t\t\t\t<section class=\"elementor-section elementor-inner-section elementor-element elementor-element-25b2e95 elementor-section-boxed elementor-section-height-default elementor-section-height-default\" data-id=\"25b2e95\" data-element_type=\"section\">\n\t\t\t\t\t\t<div class=\"elementor-container elementor-column-gap-default\">\n\t\t\t\t\t<div class=\"elementor-column elementor-col-50 elementor-inner-column elementor-element elementor-element-dd1e024\" data-id=\"dd1e024\" data-element_type=\"column\">\n\t\t\t<div class=\"elementor-widget-wrap elementor-element-populated\">\n\t\t\t\t\t\t\t\t<div class=\"elementor-element elementor-element-dff3777 elementor-widget elementor-widget-image\" data-id=\"dff3777\" data-element_type=\"widget\" data-widget_type=\"image.default\">\n\t\t\t\t<div class=\"elementor-widget-container\">\n\t\t\t<style>\/*! elementor - v3.9.0 - 06-12-2022 *\/\n.elementor-widget-image{text-align:center}.elementor-widget-image a{display:inline-block}.elementor-widget-image a img[src$=\".svg\"]{width:48px}.elementor-widget-image img{vertical-align:middle;display:inline-block}<\/style>\t\t\t\t\t\t\t\t\t\t\t\t\t<a href=\"https:\/\/surrogacymed.com\/deu\/the-garant-program\/\">\n\t\t\t\t\t\t\t<img loading=\"lazy\" decoding=\"async\" width=\"350\" height=\"204\" src=\"https:\/\/surrogacymed.com\/wp-content\/uploads\/2022\/12\/picture1.png\" class=\"attachment-full size-full wp-image-632\" alt=\"\" srcset=\"https:\/\/surrogacymed.com\/wp-content\/uploads\/2022\/12\/picture1.png 350w, https:\/\/surrogacymed.com\/wp-content\/uploads\/2022\/12\/picture1-300x175.png 300w, https:\/\/surrogacymed.com\/wp-content\/uploads\/2022\/12\/picture1-18x10.png 18w\" sizes=\"auto, (max-width: 350px) 100vw, 350px\" \/>\t\t\t\t\t\t\t\t<\/a>\n\t\t\t\t\t\t\t\t\t\t\t\t\t\t\t<\/div>\n\t\t\t\t<\/div>\n\t\t\t\t<div class=\"elementor-element elementor-element-9c2d2ef elementor-widget elementor-widget-heading\" data-id=\"9c2d2ef\" data-element_type=\"widget\" data-widget_type=\"heading.default\">\n\t\t\t\t<div class=\"elementor-widget-container\">\n\t\t\t<h3 class=\"elementor-heading-title elementor-size-default\"><a href=\"https:\/\/surrogacymed.com\/deu\/the-garant-program\/\">Kryoembryonen und ein Kryotransfer-Leihmutterschaftsprogramm<\/a><\/h3>\t\t<\/div>\n\t\t\t\t<\/div>\n\t\t\t\t\t<\/div>\n\t\t<\/div>\n\t\t\t\t<div class=\"elementor-column elementor-col-50 elementor-inner-column elementor-element elementor-element-ab596d8\" data-id=\"ab596d8\" data-element_type=\"column\">\n\t\t\t<div class=\"elementor-widget-wrap elementor-element-populated\">\n\t\t\t\t\t\t\t\t<div class=\"elementor-element elementor-element-21390a6 elementor-widget elementor-widget-image\" data-id=\"21390a6\" data-element_type=\"widget\" data-widget_type=\"image.default\">\n\t\t\t\t<div class=\"elementor-widget-container\">\n\t\t\t\t\t\t\t\t\t\t\t\t\t\t\t\t<a href=\"https:\/\/surrogacymed.com\/deu\/the-ultra-program\/\">\n\t\t\t\t\t\t\t<img loading=\"lazy\" decoding=\"async\" width=\"350\" height=\"204\" src=\"https:\/\/surrogacymed.com\/wp-content\/uploads\/2022\/12\/picture2.png\" class=\"attachment-full size-full wp-image-633\" alt=\"\" srcset=\"https:\/\/surrogacymed.com\/wp-content\/uploads\/2022\/12\/picture2.png 350w, https:\/\/surrogacymed.com\/wp-content\/uploads\/2022\/12\/picture2-300x175.png 300w, https:\/\/surrogacymed.com\/wp-content\/uploads\/2022\/12\/picture2-18x10.png 18w\" sizes=\"auto, (max-width: 350px) 100vw, 350px\" \/>\t\t\t\t\t\t\t\t<\/a>\n\t\t\t\t\t\t\t\t\t\t\t\t\t\t\t<\/div>\n\t\t\t\t<\/div>\n\t\t\t\t<div class=\"elementor-element elementor-element-9006af7 elementor-widget elementor-widget-heading\" data-id=\"9006af7\" data-element_type=\"widget\" data-widget_type=\"heading.default\">\n\t\t\t\t<div class=\"elementor-widget-container\">\n\t\t\t<h3 class=\"elementor-heading-title elementor-size-default\"><a href=\"https:\/\/surrogacymed.com\/deu\/the-ultra-program\/\">Kryoembryos und drei Kryotransfer-Leihmutterschaftsprogramm<\/a><\/h3>\t\t<\/div>\n\t\t\t\t<\/div>\n\t\t\t\t\t<\/div>\n\t\t<\/div>\n\t\t\t\t\t\t\t<\/div>\n\t\t<\/section>\n\t\t\t\t<section class=\"elementor-section elementor-inner-section elementor-element elementor-element-0e1ee26 elementor-section-boxed elementor-section-height-default elementor-section-height-default\" data-id=\"0e1ee26\" data-element_type=\"section\">\n\t\t\t\t\t\t<div class=\"elementor-container elementor-column-gap-default\">\n\t\t\t\t\t<div class=\"elementor-column elementor-col-50 elementor-inner-column elementor-element elementor-element-de9d755\" data-id=\"de9d755\" data-element_type=\"column\">\n\t\t\t<div class=\"elementor-widget-wrap elementor-element-populated\">\n\t\t\t\t\t\t\t\t<div class=\"elementor-element elementor-element-25ac17b elementor-widget elementor-widget-image\" data-id=\"25ac17b\" data-element_type=\"widget\" data-widget_type=\"image.default\">\n\t\t\t\t<div class=\"elementor-widget-container\">\n\t\t\t\t\t\t\t\t\t\t\t\t\t\t\t\t<a href=\"https:\/\/surrogacymed.com\/deu\/turnkey-surrogacy\/\">\n\t\t\t\t\t\t\t<img loading=\"lazy\" decoding=\"async\" width=\"350\" height=\"204\" src=\"https:\/\/surrogacymed.com\/wp-content\/uploads\/2022\/12\/picture3.png\" class=\"attachment-full size-full wp-image-643\" alt=\"\" srcset=\"https:\/\/surrogacymed.com\/wp-content\/uploads\/2022\/12\/picture3.png 350w, https:\/\/surrogacymed.com\/wp-content\/uploads\/2022\/12\/picture3-300x175.png 300w, https:\/\/surrogacymed.com\/wp-content\/uploads\/2022\/12\/picture3-18x10.png 18w\" sizes=\"auto, (max-width: 350px) 100vw, 350px\" \/>\t\t\t\t\t\t\t\t<\/a>\n\t\t\t\t\t\t\t\t\t\t\t\t\t\t\t<\/div>\n\t\t\t\t<\/div>\n\t\t\t\t<div class=\"elementor-element elementor-element-56b4b30 elementor-widget elementor-widget-heading\" data-id=\"56b4b30\" data-element_type=\"widget\" data-widget_type=\"heading.default\">\n\t\t\t\t<div class=\"elementor-widget-container\">\n\t\t\t<h3 class=\"elementor-heading-title elementor-size-default\"><a href=\"https:\/\/surrogacymed.com\/deu\/turnkey-surrogacy\/\">Leihmutterschaftsprogramm mit Bereitstellung einer Eizellspenderin und eines Kryotransfers <\/a><\/h3>\t\t<\/div>\n\t\t\t\t<\/div>\n\t\t\t\t\t<\/div>\n\t\t<\/div>\n\t\t\t\t<div class=\"elementor-column elementor-col-50 elementor-inner-column elementor-element elementor-element-98ee405\" data-id=\"98ee405\" data-element_type=\"column\">\n\t\t\t<div class=\"elementor-widget-wrap elementor-element-populated\">\n\t\t\t\t\t\t\t\t<div class=\"elementor-element elementor-element-968af44 elementor-widget elementor-widget-image\" data-id=\"968af44\" data-element_type=\"widget\" data-widget_type=\"image.default\">\n\t\t\t\t<div class=\"elementor-widget-container\">\n\t\t\t\t\t\t\t\t\t\t\t\t\t\t\t\t<a href=\"\/deu\/the-standard-program\/\">\n\t\t\t\t\t\t\t<img loading=\"lazy\" decoding=\"async\" width=\"350\" height=\"204\" src=\"https:\/\/surrogacymed.com\/wp-content\/uploads\/2022\/12\/picture4.png\" class=\"attachment-full size-full wp-image-644\" alt=\"\" srcset=\"https:\/\/surrogacymed.com\/wp-content\/uploads\/2022\/12\/picture4.png 350w, https:\/\/surrogacymed.com\/wp-content\/uploads\/2022\/12\/picture4-300x175.png 300w, https:\/\/surrogacymed.com\/wp-content\/uploads\/2022\/12\/picture4-18x10.png 18w\" sizes=\"auto, (max-width: 350px) 100vw, 350px\" \/>\t\t\t\t\t\t\t\t<\/a>\n\t\t\t\t\t\t\t\t\t\t\t\t\t\t\t<\/div>\n\t\t\t\t<\/div>\n\t\t\t\t<div class=\"elementor-element elementor-element-ed20403 elementor-widget elementor-widget-heading\" data-id=\"ed20403\" data-element_type=\"widget\" data-widget_type=\"heading.default\">\n\t\t\t\t<div class=\"elementor-widget-container\">\n\t\t\t<h3 class=\"elementor-heading-title elementor-size-default\"><a href=\"https:\/\/surrogacymed.com\/deu\/surrogacy-program-with-the-provision-of-an-oocyte-donor-and-three-cryotransfer\/\">Leihmutterschaftsprogramm mit Bereitstellung einer Eizellspenderin und drei Kryotransfers<\/a><\/h3>\t\t<\/div>\n\t\t\t\t<\/div>\n\t\t\t\t\t<\/div>\n\t\t<\/div>\n\t\t\t\t\t\t\t<\/div>\n\t\t<\/section>\n\t\t\t\t\t<\/div>\n\t\t<\/div>\n\t\t\t\t<div class=\"elementor-column elementor-col-50 elementor-top-column elementor-element elementor-element-989da77\" data-id=\"989da77\" data-element_type=\"column\">\n\t\t\t<div class=\"elementor-widget-wrap elementor-element-populated\">\n\t\t\t\t\t\t\t\t<section class=\"elementor-section elementor-inner-section elementor-element elementor-element-0d1d19c elementor-section-height-min-height elementor-hidden-tablet elementor-hidden-mobile elementor-section-boxed elementor-section-height-default\" data-id=\"0d1d19c\" data-element_type=\"section\">\n\t\t\t\t\t\t\t<div class=\"elementor-background-overlay\"><\/div>\n\t\t\t\t\t\t\t<div class=\"elementor-container elementor-column-gap-default\">\n\t\t\t\t\t<div class=\"elementor-column elementor-col-100 elementor-inner-column elementor-element elementor-element-af1222f\" data-id=\"af1222f\" data-element_type=\"column\">\n\t\t\t<div class=\"elementor-widget-wrap elementor-element-populated\">\n\t\t\t\t\t\t\t\t<div class=\"elementor-element elementor-element-7e65f80 elementor-widget elementor-widget-heading\" data-id=\"7e65f80\" data-element_type=\"widget\" data-widget_type=\"heading.default\">\n\t\t\t\t<div class=\"elementor-widget-container\">\n\t\t\t<h4 class=\"elementor-heading-title elementor-size-default\">Menu<\/h4>\t\t<\/div>\n\t\t\t\t<\/div>\n\t\t\t\t<div class=\"elementor-element elementor-element-4e95bc4 elementor-icon-list--layout-traditional elementor-list-item-link-full_width elementor-widget elementor-widget-icon-list\" data-id=\"4e95bc4\" data-element_type=\"widget\" data-widget_type=\"icon-list.default\">\n\t\t\t\t<div class=\"elementor-widget-container\">\n\t\t\t<link rel=\"stylesheet\" href=\"https:\/\/surrogacymed.com\/wp-content\/plugins\/elementor\/assets\/css\/widget-icon-list.min.css\">\t\t<ul class=\"elementor-icon-list-items\">\n\t\t\t\t\t\t\t<li class=\"elementor-icon-list-item\">\n\t\t\t\t\t\t\t\t\t\t\t<a href=\"https:\/\/surrogacymed.com\/deu\/what-is-surrogacy\/\">\n\n\t\t\t\t\t\t\t\t\t\t\t<span class=\"elementor-icon-list-text\">Was ist Leihmutterschaft?<\/span>\n\t\t\t\t\t\t\t\t\t\t\t<\/a>\n\t\t\t\t\t\t\t\t\t<\/li>\n\t\t\t\t\t\t\t\t<li class=\"elementor-icon-list-item\">\n\t\t\t\t\t\t\t\t\t\t\t<a href=\"https:\/\/surrogacymed.com\/deu\/how-to-find-a-surrogate-mother\/\">\n\n\t\t\t\t\t\t\t\t\t\t\t<span class=\"elementor-icon-list-text\">So finden Sie eine Leihmutter<\/span>\n\t\t\t\t\t\t\t\t\t\t\t<\/a>\n\t\t\t\t\t\t\t\t\t<\/li>\n\t\t\t\t\t\t\t\t<li class=\"elementor-icon-list-item\">\n\t\t\t\t\t\t\t\t\t\t\t<a href=\"https:\/\/surrogacymed.com\/deu\/requirements-for-surrogate-mothers\/\">\n\n\t\t\t\t\t\t\t\t\t\t\t<span class=\"elementor-icon-list-text\">Anforderungen an Leihm\u00fctter<\/span>\n\t\t\t\t\t\t\t\t\t\t\t<\/a>\n\t\t\t\t\t\t\t\t\t<\/li>\n\t\t\t\t\t\t\t\t<li class=\"elementor-icon-list-item\">\n\t\t\t\t\t\t\t\t\t\t\t<a href=\"https:\/\/surrogacymed.com\/deu\/how-your-money-is-being-spent\/\">\n\n\t\t\t\t\t\t\t\t\t\t\t<span class=\"elementor-icon-list-text\">Wie Ihr Geld ausgegeben wird<\/span>\n\t\t\t\t\t\t\t\t\t\t\t<\/a>\n\t\t\t\t\t\t\t\t\t<\/li>\n\t\t\t\t\t\t\t\t<li class=\"elementor-icon-list-item\">\n\t\t\t\t\t\t\t\t\t\t\t<a href=\"https:\/\/surrogacymed.com\/deu\/our-programs\/\">\n\n\t\t\t\t\t\t\t\t\t\t\t<span class=\"elementor-icon-list-text\">Unsere Programme<\/span>\n\t\t\t\t\t\t\t\t\t\t\t<\/a>\n\t\t\t\t\t\t\t\t\t<\/li>\n\t\t\t\t\t\t\t\t<li class=\"elementor-icon-list-item\">\n\t\t\t\t\t\t\t\t\t\t\t<a href=\"https:\/\/surrogacymed.com\/deu\/stages-of-surrogate-motherhood-program\/\">\n\n\t\t\t\t\t\t\t\t\t\t\t<span class=\"elementor-icon-list-text\">Phasen des Leihmutterschaftsprogramms<\/span>\n\t\t\t\t\t\t\t\t\t\t\t<\/a>\n\t\t\t\t\t\t\t\t\t<\/li>\n\t\t\t\t\t\t\t\t<li class=\"elementor-icon-list-item\">\n\t\t\t\t\t\t\t\t\t\t\t<a href=\"https:\/\/surrogacymed.com\/deu\/advice-from-old-timers\/\">\n\n\t\t\t\t\t\t\t\t\t\t\t<span class=\"elementor-icon-list-text\">Tipps von Oldtimern<\/span>\n\t\t\t\t\t\t\t\t\t\t\t<\/a>\n\t\t\t\t\t\t\t\t\t<\/li>\n\t\t\t\t\t\t<\/ul>\n\t\t\t\t<\/div>\n\t\t\t\t<\/div>\n\t\t\t\t\t<\/div>\n\t\t<\/div>\n\t\t\t\t\t\t\t<\/div>\n\t\t<\/section>\n\t\t\t\t<div class=\"elementor-element elementor-element-cb98f1d elementor-widget elementor-widget-template\" data-id=\"cb98f1d\" data-element_type=\"widget\" data-widget_type=\"template.default\">\n\t\t\t\t<div class=\"elementor-widget-container\">\n\t\t\t\t\t<div class=\"elementor-template\">\n\t\t\t\t\t<div data-elementor-type=\"section\" data-elementor-id=\"76\" class=\"elementor elementor-76\">\n\t\t\t\t\t\t\t\t<section class=\"elementor-section elementor-top-section elementor-element elementor-element-2a201a7 elementor-section-height-min-height elementor-section-boxed elementor-section-height-default elementor-section-items-middle\" data-id=\"2a201a7\" data-element_type=\"section\">\n\t\t\t\t\t\t\t<div class=\"elementor-background-overlay\"><\/div>\n\t\t\t\t\t\t\t<div class=\"elementor-container elementor-column-gap-default\">\n\t\t\t\t\t<div class=\"elementor-column elementor-col-100 elementor-top-column elementor-element elementor-element-d2a61b4\" data-id=\"d2a61b4\" data-element_type=\"column\">\n\t\t\t<div class=\"elementor-widget-wrap elementor-element-populated\">\n\t\t\t\t\t\t\t\t<div class=\"elementor-element elementor-element-68b7ecd elementor-position-top elementor-widget__width-auto elementor-view-default elementor-mobile-position-top elementor-vertical-align-top elementor-widget elementor-widget-icon-box\" data-id=\"68b7ecd\" data-element_type=\"widget\" data-widget_type=\"icon-box.default\">\n\t\t\t\t<div class=\"elementor-widget-container\">\n\t\t\t<link rel=\"stylesheet\" href=\"https:\/\/surrogacymed.com\/wp-content\/plugins\/elementor\/assets\/css\/widget-icon-box.min.css\">\t\t<div class=\"elementor-icon-box-wrapper\">\n\t\t\t\t\t\t<div class=\"elementor-icon-box-icon\">\n\t\t\t\t<span class=\"elementor-icon elementor-animation-\" >\n\t\t\t\t<svg xmlns=\"http:\/\/www.w3.org\/2000\/svg\" width=\"25\" height=\"40\" viewbox=\"0 0 25 40\" fill=\"none\"><circle cx=\"12.0833\" cy=\"12.0833\" r=\"9.58333\" stroke=\"#D8AE5E\" stroke-width=\"5\"><\/circle><line x1=\"12\" y1=\"21\" x2=\"12\" y2=\"39\" stroke=\"#D8AE5E\" stroke-width=\"2\" stroke-linecap=\"round\"><\/line><line x1=\"19\" y1=\"28\" x2=\"5\" y2=\"28\" stroke=\"#D8AE5E\" stroke-width=\"2\" stroke-linecap=\"round\"><\/line><\/svg>\t\t\t\t<\/span>\n\t\t\t<\/div>\n\t\t\t\t\t\t<div class=\"elementor-icon-box-content\">\n\t\t\t\t<h3 class=\"elementor-icon-box-title\">\n\t\t\t\t\t<span  >\n\t\t\t\t\t\tLeihmutterschaft\t\t\t\t\t<\/span>\n\t\t\t\t<\/h3>\n\t\t\t\t\t\t\t\t\t<p class=\"elementor-icon-box-description\">\n\t\t\t\t\t\tIn diesem Abschnitt m\u00f6chten wir dar\u00fcber sprechen, wie man eine Leihmutter finden kann, welche Methoden der Suche nach Leihm\u00fcttern am besten geeignet sind und von welchen Methoden unbedingt abzuraten ist.\t\t\t\t\t<\/p>\n\t\t\t\t\t\t\t<\/div>\n\t\t<\/div>\n\t\t\t\t<\/div>\n\t\t\t\t<\/div>\n\t\t\t\t<div class=\"elementor-element elementor-element-c995e9d elementor-position-top elementor-widget__width-auto elementor-view-default elementor-mobile-position-top elementor-vertical-align-top elementor-widget elementor-widget-icon-box\" data-id=\"c995e9d\" data-element_type=\"widget\" data-widget_type=\"icon-box.default\">\n\t\t\t\t<div class=\"elementor-widget-container\">\n\t\t\t\t\t<div class=\"elementor-icon-box-wrapper\">\n\t\t\t\t\t\t<div class=\"elementor-icon-box-icon\">\n\t\t\t\t<span class=\"elementor-icon elementor-animation-\" >\n\t\t\t\t<svg xmlns=\"http:\/\/www.w3.org\/2000\/svg\" width=\"40\" height=\"40\" viewbox=\"0 0 40 40\" fill=\"none\"><circle cx=\"20\" cy=\"20\" r=\"19\" stroke=\"#D8AE5E\" stroke-width=\"2\"><\/circle><circle cx=\"19.6\" cy=\"19.6\" r=\"10\" fill=\"#D8AE5E\"><\/circle><\/svg>\t\t\t\t<\/span>\n\t\t\t<\/div>\n\t\t\t\t\t\t<div class=\"elementor-icon-box-content\">\n\t\t\t\t<h3 class=\"elementor-icon-box-title\">\n\t\t\t\t\t<span  >\n\t\t\t\t\t\tEizellspende\t\t\t\t\t<\/span>\n\t\t\t\t<\/h3>\n\t\t\t\t\t\t\t\t\t<p class=\"elementor-icon-box-description\">\n\t\t\t\t\t\tDie Eizellspende wird im Rahmen der Unfruchtbarkeitsbehandlung in F\u00e4llen verwendet, in denen die Eierstockreserve einer weiblichen Patientin ersch\u00f6pft ist (z. B. w\u00e4hrend der Menopause) oder die Eizellen von schlechter Qualit\u00e4t sind und nicht in einem IVF-Zyklus verwendet werden k\u00f6nnen. Wie bei der Suche nach einer Leihmutter gibt es f\u00fcr dieses Problem mehrere L\u00f6sungen.\t\t\t\t\t<\/p>\n\t\t\t\t\t\t\t<\/div>\n\t\t<\/div>\n\t\t\t\t<\/div>\n\t\t\t\t<\/div>\n\t\t\t\t<div class=\"elementor-element elementor-element-11b4e39 elementor-position-top elementor-widget__width-auto elementor-view-default elementor-mobile-position-top elementor-vertical-align-top elementor-widget elementor-widget-icon-box\" data-id=\"11b4e39\" data-element_type=\"widget\" data-widget_type=\"icon-box.default\">\n\t\t\t\t<div class=\"elementor-widget-container\">\n\t\t\t\t\t<div class=\"elementor-icon-box-wrapper\">\n\t\t\t\t\t\t<div class=\"elementor-icon-box-icon\">\n\t\t\t\t<span class=\"elementor-icon elementor-animation-\" >\n\t\t\t\t<svg xmlns=\"http:\/\/www.w3.org\/2000\/svg\" width=\"56\" height=\"42\" viewbox=\"0 0 56 42\" fill=\"none\"><path d=\"M10.4971 39.9904C21.7486 33.4943 16.8398 19.0079 24.4772 14.5984C32.1146 10.189 43.9106 20.699 53.7983 14.9904\" stroke=\"#D8AE5E\" stroke-width=\"4\" stroke-linecap=\"round\"><\/path><path d=\"M2.99704 27C14.2486 20.5039 24.3398 31.9982 31.9772 27.5888C39.6146 23.1793 36.4106 7.70864 46.2983 1.99998\" stroke=\"#D8AE5E\" stroke-width=\"4\" stroke-linecap=\"round\"><\/path><line x1=\"7.13435\" y1=\"25.0793\" x2=\"14.4316\" y2=\"37.7186\" stroke=\"#D8AE5E\" stroke-width=\"2\"><\/line><line x1=\"21.4545\" y1=\"16.8117\" x2=\"28.7518\" y2=\"29.451\" stroke=\"#D8AE5E\" stroke-width=\"2\"><\/line><line x1=\"27.5917\" y1=\"13.2684\" x2=\"34.889\" y2=\"25.9077\" stroke=\"#D8AE5E\" stroke-width=\"2\"><\/line><line x1=\"42.5937\" y1=\"4.60699\" x2=\"49.891\" y2=\"17.2463\" stroke=\"#D8AE5E\" stroke-width=\"2\"><\/line><\/svg>\t\t\t\t<\/span>\n\t\t\t<\/div>\n\t\t\t\t\t\t<div class=\"elementor-icon-box-content\">\n\t\t\t\t<h3 class=\"elementor-icon-box-title\">\n\t\t\t\t\t<span  >\n\t\t\t\t\t\tIVF\t\t\t\t\t<\/span>\n\t\t\t\t<\/h3>\n\t\t\t\t\t\t\t\t\t<p class=\"elementor-icon-box-description\">\n\t\t\t\t\t\tDie Technologie der In-vitro-Fertilisation wurde in den letzten Jahrzehnten auf der ganzen Welt eingesetzt. Die Chancen, mit Hilfe von IVF schwanger zu werden, steigen, weil die ART-Methoden st\u00e4ndig verbessert werden. Heutzutage tritt eine Schwangerschaft nach IVF im Durchschnitt in vierzig Prozent der F\u00e4lle ein.\t\t\t\t\t<\/p>\n\t\t\t\t\t\t\t<\/div>\n\t\t<\/div>\n\t\t\t\t<\/div>\n\t\t\t\t<\/div>\n\t\t\t\t\t<\/div>\n\t\t<\/div>\n\t\t\t\t\t\t\t<\/div>\n\t\t<\/section>\n\t\t\t\t\t\t<\/div>\n\t\t\t\t<\/div>\n\t\t\t\t<\/div>\n\t\t\t\t<\/div>\n\t\t\t\t\t<\/div>\n\t\t<\/div>\n\t\t\t\t\t\t\t<\/div>\n\t\t<\/section>\n\t\t\t\t\t\t\t<\/div>","protected":false},"excerpt":{"rendered":"<p>Our programs Cryoembryos and one cryotransfer surrogacy program Cryoembryos and three cryotransfer surrogacy program Surrogacy program with the provision of an oocyte donor and one cryotransfer Surrogacy program with the provision of an oocyte donor and three cryotransfer Menu What is surrogacy? How to Find a Surrogate Mother Requirements for Surrogate Mothers How your money &hellip;<\/p>\n<p class=\"read-more\"> <a class=\"\" href=\"https:\/\/surrogacymed.com\/deu\/our-programs\/\"> <span class=\"screen-reader-text\">Unsere Programme<\/span> Weiterlesen &raquo;<\/a><\/p>","protected":false},"author":1,"featured_media":0,"parent":0,"menu_order":0,"comment_status":"closed","ping_status":"closed","template":"","meta":{"inline_featured_image":false,"site-sidebar-layout":"no-sidebar","site-content-layout":"page-builder","ast-global-header-display":"","ast-main-header-display":"","ast-hfb-above-header-display":"","ast-hfb-below-header-display":"","ast-hfb-mobile-header-display":"","site-post-title":"disabled","ast-breadcrumbs-content":"","ast-featured-img":"disabled","footer-sml-layout":"","theme-transparent-header-meta":"default","adv-header-id-meta":"","stick-header-meta":"","header-above-stick-meta":"","header-main-stick-meta":"","header-below-stick-meta":"","footnotes":""},"class_list":["post-630","page","type-page","status-publish","hentry"],"_links":{"self":[{"href":"https:\/\/surrogacymed.com\/deu\/wp-json\/wp\/v2\/pages\/630","targetHints":{"allow":["GET"]}}],"collection":[{"href":"https:\/\/surrogacymed.com\/deu\/wp-json\/wp\/v2\/pages"}],"about":[{"href":"https:\/\/surrogacymed.com\/deu\/wp-json\/wp\/v2\/types\/page"}],"author":[{"embeddable":true,"href":"https:\/\/surrogacymed.com\/deu\/wp-json\/wp\/v2\/users\/1"}],"replies":[{"embeddable":true,"href":"https:\/\/surrogacymed.com\/deu\/wp-json\/wp\/v2\/comments?post=630"}],"version-history":[{"count":61,"href":"https:\/\/surrogacymed.com\/deu\/wp-json\/wp\/v2\/pages\/630\/revisions"}],"predecessor-version":[{"id":1865,"href":"https:\/\/surrogacymed.com\/deu\/wp-json\/wp\/v2\/pages\/630\/revisions\/1865"}],"wp:attachment":[{"href":"https:\/\/surrogacymed.com\/deu\/wp-json\/wp\/v2\/media?parent=630"}],"curies":[{"name":"wp","href":"https:\/\/api.w.org\/{rel}","templated":true}]}}