{"id":630,"date":"2022-12-29T14:10:36","date_gmt":"2022-12-29T11:10:36","guid":{"rendered":"https:\/\/surrogacymed.com\/?page_id=630"},"modified":"2023-06-13T17:12:20","modified_gmt":"2023-06-13T14:12:20","slug":"our-programs","status":"publish","type":"page","link":"https:\/\/surrogacymed.com\/fra\/our-programs\/","title":{"rendered":"Nos programmes"},"content":{"rendered":"<div data-elementor-type=\"wp-page\" data-elementor-id=\"630\" class=\"elementor elementor-630\">\n\t\t\t\t\t\t\t\t\t<section class=\"elementor-section elementor-top-section elementor-element elementor-element-4db3b8a elementor-section-boxed elementor-section-height-default elementor-section-height-default\" data-id=\"4db3b8a\" data-element_type=\"section\">\n\t\t\t\t\t\t<div class=\"elementor-container elementor-column-gap-default\">\n\t\t\t\t\t<div class=\"elementor-column elementor-col-50 elementor-top-column elementor-element elementor-element-921cdad\" data-id=\"921cdad\" data-element_type=\"column\">\n\t\t\t<div class=\"elementor-widget-wrap elementor-element-populated\">\n\t\t\t\t\t\t\t\t<div class=\"elementor-element elementor-element-94869c8 elementor-widget elementor-widget-heading\" data-id=\"94869c8\" data-element_type=\"widget\" data-widget_type=\"heading.default\">\n\t\t\t\t<div class=\"elementor-widget-container\">\n\t\t\t<style>\/*! elementor - v3.9.0 - 06-12-2022 *\/\n.elementor-heading-title{padding:0;margin:0;line-height:1}.elementor-widget-heading .elementor-heading-title[class*=elementor-size-]>a{color:inherit;font-size:inherit;line-height:inherit}.elementor-widget-heading .elementor-heading-title.elementor-size-small{font-size:15px}.elementor-widget-heading .elementor-heading-title.elementor-size-medium{font-size:19px}.elementor-widget-heading .elementor-heading-title.elementor-size-large{font-size:29px}.elementor-widget-heading .elementor-heading-title.elementor-size-xl{font-size:39px}.elementor-widget-heading .elementor-heading-title.elementor-size-xxl{font-size:59px}<\/style><h1 class=\"elementor-heading-title elementor-size-default\">Nos programmes<\/h1>\t\t<\/div>\n\t\t\t\t<\/div>\n\t\t\t\t<section class=\"elementor-section elementor-inner-section elementor-element elementor-element-25b2e95 elementor-section-boxed elementor-section-height-default elementor-section-height-default\" data-id=\"25b2e95\" data-element_type=\"section\">\n\t\t\t\t\t\t<div class=\"elementor-container elementor-column-gap-default\">\n\t\t\t\t\t<div class=\"elementor-column elementor-col-50 elementor-inner-column elementor-element elementor-element-dd1e024\" data-id=\"dd1e024\" data-element_type=\"column\">\n\t\t\t<div class=\"elementor-widget-wrap elementor-element-populated\">\n\t\t\t\t\t\t\t\t<div class=\"elementor-element elementor-element-dff3777 elementor-widget elementor-widget-image\" data-id=\"dff3777\" data-element_type=\"widget\" data-widget_type=\"image.default\">\n\t\t\t\t<div class=\"elementor-widget-container\">\n\t\t\t<style>\/*! elementor - v3.9.0 - 06-12-2022 *\/\n.elementor-widget-image{text-align:center}.elementor-widget-image a{display:inline-block}.elementor-widget-image a img[src$=\".svg\"]{width:48px}.elementor-widget-image img{vertical-align:middle;display:inline-block}<\/style>\t\t\t\t\t\t\t\t\t\t\t\t\t<a href=\"https:\/\/surrogacymed.com\/fra\/the-garant-program\/\">\n\t\t\t\t\t\t\t<img loading=\"lazy\" decoding=\"async\" width=\"350\" height=\"204\" src=\"https:\/\/surrogacymed.com\/wp-content\/uploads\/2022\/12\/picture1.png\" class=\"attachment-full size-full wp-image-632\" alt=\"\" srcset=\"https:\/\/surrogacymed.com\/wp-content\/uploads\/2022\/12\/picture1.png 350w, https:\/\/surrogacymed.com\/wp-content\/uploads\/2022\/12\/picture1-300x175.png 300w, https:\/\/surrogacymed.com\/wp-content\/uploads\/2022\/12\/picture1-18x10.png 18w\" sizes=\"auto, (max-width: 350px) 100vw, 350px\" \/>\t\t\t\t\t\t\t\t<\/a>\n\t\t\t\t\t\t\t\t\t\t\t\t\t\t\t<\/div>\n\t\t\t\t<\/div>\n\t\t\t\t<div class=\"elementor-element elementor-element-9c2d2ef elementor-widget elementor-widget-heading\" data-id=\"9c2d2ef\" data-element_type=\"widget\" data-widget_type=\"heading.default\">\n\t\t\t\t<div class=\"elementor-widget-container\">\n\t\t\t<h3 class=\"elementor-heading-title elementor-size-default\"><a href=\"https:\/\/surrogacymed.com\/fra\/the-garant-program\/\">Cryoembryos and one cryotransfer surrogacy program<\/a><\/h3>\t\t<\/div>\n\t\t\t\t<\/div>\n\t\t\t\t\t<\/div>\n\t\t<\/div>\n\t\t\t\t<div class=\"elementor-column elementor-col-50 elementor-inner-column elementor-element elementor-element-ab596d8\" data-id=\"ab596d8\" data-element_type=\"column\">\n\t\t\t<div class=\"elementor-widget-wrap elementor-element-populated\">\n\t\t\t\t\t\t\t\t<div class=\"elementor-element elementor-element-21390a6 elementor-widget elementor-widget-image\" data-id=\"21390a6\" data-element_type=\"widget\" data-widget_type=\"image.default\">\n\t\t\t\t<div class=\"elementor-widget-container\">\n\t\t\t\t\t\t\t\t\t\t\t\t\t\t\t\t<a href=\"https:\/\/surrogacymed.com\/fra\/the-ultra-program\/\">\n\t\t\t\t\t\t\t<img loading=\"lazy\" decoding=\"async\" width=\"350\" height=\"204\" src=\"https:\/\/surrogacymed.com\/wp-content\/uploads\/2022\/12\/picture2.png\" class=\"attachment-full size-full wp-image-633\" alt=\"\" srcset=\"https:\/\/surrogacymed.com\/wp-content\/uploads\/2022\/12\/picture2.png 350w, https:\/\/surrogacymed.com\/wp-content\/uploads\/2022\/12\/picture2-300x175.png 300w, https:\/\/surrogacymed.com\/wp-content\/uploads\/2022\/12\/picture2-18x10.png 18w\" sizes=\"auto, (max-width: 350px) 100vw, 350px\" \/>\t\t\t\t\t\t\t\t<\/a>\n\t\t\t\t\t\t\t\t\t\t\t\t\t\t\t<\/div>\n\t\t\t\t<\/div>\n\t\t\t\t<div class=\"elementor-element elementor-element-9006af7 elementor-widget elementor-widget-heading\" data-id=\"9006af7\" data-element_type=\"widget\" data-widget_type=\"heading.default\">\n\t\t\t\t<div class=\"elementor-widget-container\">\n\t\t\t<h3 class=\"elementor-heading-title elementor-size-default\"><a href=\"https:\/\/surrogacymed.com\/fra\/the-ultra-program\/\">Cryoembryos and three cryotransfer surrogacy program<\/a><\/h3>\t\t<\/div>\n\t\t\t\t<\/div>\n\t\t\t\t\t<\/div>\n\t\t<\/div>\n\t\t\t\t\t\t\t<\/div>\n\t\t<\/section>\n\t\t\t\t<section class=\"elementor-section elementor-inner-section elementor-element elementor-element-0e1ee26 elementor-section-boxed elementor-section-height-default elementor-section-height-default\" data-id=\"0e1ee26\" data-element_type=\"section\">\n\t\t\t\t\t\t<div class=\"elementor-container elementor-column-gap-default\">\n\t\t\t\t\t<div class=\"elementor-column elementor-col-50 elementor-inner-column elementor-element elementor-element-de9d755\" data-id=\"de9d755\" data-element_type=\"column\">\n\t\t\t<div class=\"elementor-widget-wrap elementor-element-populated\">\n\t\t\t\t\t\t\t\t<div class=\"elementor-element elementor-element-25ac17b elementor-widget elementor-widget-image\" data-id=\"25ac17b\" data-element_type=\"widget\" data-widget_type=\"image.default\">\n\t\t\t\t<div class=\"elementor-widget-container\">\n\t\t\t\t\t\t\t\t\t\t\t\t\t\t\t\t<a href=\"https:\/\/surrogacymed.com\/fra\/turnkey-surrogacy\/\">\n\t\t\t\t\t\t\t<img loading=\"lazy\" decoding=\"async\" width=\"350\" height=\"204\" src=\"https:\/\/surrogacymed.com\/wp-content\/uploads\/2022\/12\/picture3.png\" class=\"attachment-full size-full wp-image-643\" alt=\"\" srcset=\"https:\/\/surrogacymed.com\/wp-content\/uploads\/2022\/12\/picture3.png 350w, https:\/\/surrogacymed.com\/wp-content\/uploads\/2022\/12\/picture3-300x175.png 300w, https:\/\/surrogacymed.com\/wp-content\/uploads\/2022\/12\/picture3-18x10.png 18w\" sizes=\"auto, (max-width: 350px) 100vw, 350px\" \/>\t\t\t\t\t\t\t\t<\/a>\n\t\t\t\t\t\t\t\t\t\t\t\t\t\t\t<\/div>\n\t\t\t\t<\/div>\n\t\t\t\t<div class=\"elementor-element elementor-element-56b4b30 elementor-widget elementor-widget-heading\" data-id=\"56b4b30\" data-element_type=\"widget\" data-widget_type=\"heading.default\">\n\t\t\t\t<div class=\"elementor-widget-container\">\n\t\t\t<h3 class=\"elementor-heading-title elementor-size-default\"><a href=\"https:\/\/surrogacymed.com\/fra\/turnkey-surrogacy\/\">Surrogacy program with the provision of an oocyte donor and one cryotransfer <\/a><\/h3>\t\t<\/div>\n\t\t\t\t<\/div>\n\t\t\t\t\t<\/div>\n\t\t<\/div>\n\t\t\t\t<div class=\"elementor-column elementor-col-50 elementor-inner-column elementor-element elementor-element-98ee405\" data-id=\"98ee405\" data-element_type=\"column\">\n\t\t\t<div class=\"elementor-widget-wrap elementor-element-populated\">\n\t\t\t\t\t\t\t\t<div class=\"elementor-element elementor-element-968af44 elementor-widget elementor-widget-image\" data-id=\"968af44\" data-element_type=\"widget\" data-widget_type=\"image.default\">\n\t\t\t\t<div class=\"elementor-widget-container\">\n\t\t\t\t\t\t\t\t\t\t\t\t\t\t\t\t<a href=\"\/fra\/the-standard-program\/\">\n\t\t\t\t\t\t\t<img loading=\"lazy\" decoding=\"async\" width=\"350\" height=\"204\" src=\"https:\/\/surrogacymed.com\/wp-content\/uploads\/2022\/12\/picture4.png\" class=\"attachment-full size-full wp-image-644\" alt=\"\" srcset=\"https:\/\/surrogacymed.com\/wp-content\/uploads\/2022\/12\/picture4.png 350w, https:\/\/surrogacymed.com\/wp-content\/uploads\/2022\/12\/picture4-300x175.png 300w, https:\/\/surrogacymed.com\/wp-content\/uploads\/2022\/12\/picture4-18x10.png 18w\" sizes=\"auto, (max-width: 350px) 100vw, 350px\" \/>\t\t\t\t\t\t\t\t<\/a>\n\t\t\t\t\t\t\t\t\t\t\t\t\t\t\t<\/div>\n\t\t\t\t<\/div>\n\t\t\t\t<div class=\"elementor-element elementor-element-ed20403 elementor-widget elementor-widget-heading\" data-id=\"ed20403\" data-element_type=\"widget\" data-widget_type=\"heading.default\">\n\t\t\t\t<div class=\"elementor-widget-container\">\n\t\t\t<h3 class=\"elementor-heading-title elementor-size-default\"><a href=\"https:\/\/surrogacymed.com\/fra\/surrogacy-program-with-the-provision-of-an-oocyte-donor-and-three-cryotransfer\/\">Surrogacy program with the provision of an oocyte donor and three cryotransfer<\/a><\/h3>\t\t<\/div>\n\t\t\t\t<\/div>\n\t\t\t\t\t<\/div>\n\t\t<\/div>\n\t\t\t\t\t\t\t<\/div>\n\t\t<\/section>\n\t\t\t\t\t<\/div>\n\t\t<\/div>\n\t\t\t\t<div class=\"elementor-column elementor-col-50 elementor-top-column elementor-element elementor-element-989da77\" data-id=\"989da77\" data-element_type=\"column\">\n\t\t\t<div class=\"elementor-widget-wrap elementor-element-populated\">\n\t\t\t\t\t\t\t\t<section class=\"elementor-section elementor-inner-section elementor-element elementor-element-0d1d19c elementor-section-height-min-height elementor-hidden-tablet elementor-hidden-mobile elementor-section-boxed elementor-section-height-default\" data-id=\"0d1d19c\" data-element_type=\"section\">\n\t\t\t\t\t\t\t<div class=\"elementor-background-overlay\"><\/div>\n\t\t\t\t\t\t\t<div class=\"elementor-container elementor-column-gap-default\">\n\t\t\t\t\t<div class=\"elementor-column elementor-col-100 elementor-inner-column elementor-element elementor-element-af1222f\" data-id=\"af1222f\" data-element_type=\"column\">\n\t\t\t<div class=\"elementor-widget-wrap elementor-element-populated\">\n\t\t\t\t\t\t\t\t<div class=\"elementor-element elementor-element-7e65f80 elementor-widget elementor-widget-heading\" data-id=\"7e65f80\" data-element_type=\"widget\" data-widget_type=\"heading.default\">\n\t\t\t\t<div class=\"elementor-widget-container\">\n\t\t\t<h4 class=\"elementor-heading-title elementor-size-default\">Menu<\/h4>\t\t<\/div>\n\t\t\t\t<\/div>\n\t\t\t\t<div class=\"elementor-element elementor-element-4e95bc4 elementor-icon-list--layout-traditional elementor-list-item-link-full_width elementor-widget elementor-widget-icon-list\" data-id=\"4e95bc4\" data-element_type=\"widget\" data-widget_type=\"icon-list.default\">\n\t\t\t\t<div class=\"elementor-widget-container\">\n\t\t\t<link rel=\"stylesheet\" href=\"https:\/\/surrogacymed.com\/wp-content\/plugins\/elementor\/assets\/css\/widget-icon-list.min.css\">\t\t<ul class=\"elementor-icon-list-items\">\n\t\t\t\t\t\t\t<li class=\"elementor-icon-list-item\">\n\t\t\t\t\t\t\t\t\t\t\t<a href=\"https:\/\/surrogacymed.com\/fra\/what-is-surrogacy\/\">\n\n\t\t\t\t\t\t\t\t\t\t\t<span class=\"elementor-icon-list-text\">Qu'est-ce que la maternit\u00e9 de substitution?<\/span>\n\t\t\t\t\t\t\t\t\t\t\t<\/a>\n\t\t\t\t\t\t\t\t\t<\/li>\n\t\t\t\t\t\t\t\t<li class=\"elementor-icon-list-item\">\n\t\t\t\t\t\t\t\t\t\t\t<a href=\"https:\/\/surrogacymed.com\/fra\/how-to-find-a-surrogate-mother\/\">\n\n\t\t\t\t\t\t\t\t\t\t\t<span class=\"elementor-icon-list-text\">Comment trouver une m\u00e8re porteuse<\/span>\n\t\t\t\t\t\t\t\t\t\t\t<\/a>\n\t\t\t\t\t\t\t\t\t<\/li>\n\t\t\t\t\t\t\t\t<li class=\"elementor-icon-list-item\">\n\t\t\t\t\t\t\t\t\t\t\t<a href=\"https:\/\/surrogacymed.com\/fra\/requirements-for-surrogate-mothers\/\">\n\n\t\t\t\t\t\t\t\t\t\t\t<span class=\"elementor-icon-list-text\">Exigences pour les m\u00e8res porteuses<\/span>\n\t\t\t\t\t\t\t\t\t\t\t<\/a>\n\t\t\t\t\t\t\t\t\t<\/li>\n\t\t\t\t\t\t\t\t<li class=\"elementor-icon-list-item\">\n\t\t\t\t\t\t\t\t\t\t\t<a href=\"https:\/\/surrogacymed.com\/fra\/how-your-money-is-being-spent\/\">\n\n\t\t\t\t\t\t\t\t\t\t\t<span class=\"elementor-icon-list-text\">Comment votre argent est d\u00e9pens\u00e9<\/span>\n\t\t\t\t\t\t\t\t\t\t\t<\/a>\n\t\t\t\t\t\t\t\t\t<\/li>\n\t\t\t\t\t\t\t\t<li class=\"elementor-icon-list-item\">\n\t\t\t\t\t\t\t\t\t\t\t<a href=\"https:\/\/surrogacymed.com\/fra\/our-programs\/\">\n\n\t\t\t\t\t\t\t\t\t\t\t<span class=\"elementor-icon-list-text\">Nos programmes<\/span>\n\t\t\t\t\t\t\t\t\t\t\t<\/a>\n\t\t\t\t\t\t\t\t\t<\/li>\n\t\t\t\t\t\t\t\t<li class=\"elementor-icon-list-item\">\n\t\t\t\t\t\t\t\t\t\t\t<a href=\"https:\/\/surrogacymed.com\/fra\/stages-of-surrogate-motherhood-program\/\">\n\n\t\t\t\t\t\t\t\t\t\t\t<span class=\"elementor-icon-list-text\">\u00c9tapes du programme de maternit\u00e9 de substitution<\/span>\n\t\t\t\t\t\t\t\t\t\t\t<\/a>\n\t\t\t\t\t\t\t\t\t<\/li>\n\t\t\t\t\t\t\t\t<li class=\"elementor-icon-list-item\">\n\t\t\t\t\t\t\t\t\t\t\t<a href=\"https:\/\/surrogacymed.com\/fra\/advice-from-old-timers\/\">\n\n\t\t\t\t\t\t\t\t\t\t\t<span class=\"elementor-icon-list-text\">Conseils d'anciens<\/span>\n\t\t\t\t\t\t\t\t\t\t\t<\/a>\n\t\t\t\t\t\t\t\t\t<\/li>\n\t\t\t\t\t\t<\/ul>\n\t\t\t\t<\/div>\n\t\t\t\t<\/div>\n\t\t\t\t\t<\/div>\n\t\t<\/div>\n\t\t\t\t\t\t\t<\/div>\n\t\t<\/section>\n\t\t\t\t<div class=\"elementor-element elementor-element-cb98f1d elementor-widget elementor-widget-template\" data-id=\"cb98f1d\" data-element_type=\"widget\" data-widget_type=\"template.default\">\n\t\t\t\t<div class=\"elementor-widget-container\">\n\t\t\t\t\t<div class=\"elementor-template\">\n\t\t\t\t\t<div data-elementor-type=\"section\" data-elementor-id=\"76\" class=\"elementor elementor-76\">\n\t\t\t\t\t\t\t\t<section class=\"elementor-section elementor-top-section elementor-element elementor-element-2a201a7 elementor-section-height-min-height elementor-section-boxed elementor-section-height-default elementor-section-items-middle\" data-id=\"2a201a7\" data-element_type=\"section\">\n\t\t\t\t\t\t\t<div class=\"elementor-background-overlay\"><\/div>\n\t\t\t\t\t\t\t<div class=\"elementor-container elementor-column-gap-default\">\n\t\t\t\t\t<div class=\"elementor-column elementor-col-100 elementor-top-column elementor-element elementor-element-d2a61b4\" data-id=\"d2a61b4\" data-element_type=\"column\">\n\t\t\t<div class=\"elementor-widget-wrap elementor-element-populated\">\n\t\t\t\t\t\t\t\t<div class=\"elementor-element elementor-element-68b7ecd elementor-position-top elementor-widget__width-auto elementor-view-default elementor-mobile-position-top elementor-vertical-align-top elementor-widget elementor-widget-icon-box\" data-id=\"68b7ecd\" data-element_type=\"widget\" data-widget_type=\"icon-box.default\">\n\t\t\t\t<div class=\"elementor-widget-container\">\n\t\t\t<link rel=\"stylesheet\" href=\"https:\/\/surrogacymed.com\/wp-content\/plugins\/elementor\/assets\/css\/widget-icon-box.min.css\">\t\t<div class=\"elementor-icon-box-wrapper\">\n\t\t\t\t\t\t<div class=\"elementor-icon-box-icon\">\n\t\t\t\t<span class=\"elementor-icon elementor-animation-\" >\n\t\t\t\t<svg xmlns=\"http:\/\/www.w3.org\/2000\/svg\" width=\"25\" height=\"40\" viewbox=\"0 0 25 40\" fill=\"none\"><circle cx=\"12.0833\" cy=\"12.0833\" r=\"9.58333\" stroke=\"#D8AE5E\" stroke-width=\"5\"><\/circle><line x1=\"12\" y1=\"21\" x2=\"12\" y2=\"39\" stroke=\"#D8AE5E\" stroke-width=\"2\" stroke-linecap=\"round\"><\/line><line x1=\"19\" y1=\"28\" x2=\"5\" y2=\"28\" stroke=\"#D8AE5E\" stroke-width=\"2\" stroke-linecap=\"round\"><\/line><\/svg>\t\t\t\t<\/span>\n\t\t\t<\/div>\n\t\t\t\t\t\t<div class=\"elementor-icon-box-content\">\n\t\t\t\t<h3 class=\"elementor-icon-box-title\">\n\t\t\t\t\t<span  >\n\t\t\t\t\t\tM\u00e8re de substitution\t\t\t\t\t<\/span>\n\t\t\t\t<\/h3>\n\t\t\t\t\t\t\t\t\t<p class=\"elementor-icon-box-description\">\n\t\t\t\t\t\tDans cette section, nous aimerions parler de la fa\u00e7on dont on peut trouver une m\u00e8re porteuse, des m\u00e9thodes de recherche de m\u00e8res porteuses les plus pr\u00e9f\u00e9r\u00e9es et des m\u00e9thodes qu'il n'est pas recommand\u00e9 d'utiliser.\t\t\t\t\t<\/p>\n\t\t\t\t\t\t\t<\/div>\n\t\t<\/div>\n\t\t\t\t<\/div>\n\t\t\t\t<\/div>\n\t\t\t\t<div class=\"elementor-element elementor-element-c995e9d elementor-position-top elementor-widget__width-auto elementor-view-default elementor-mobile-position-top elementor-vertical-align-top elementor-widget elementor-widget-icon-box\" data-id=\"c995e9d\" data-element_type=\"widget\" data-widget_type=\"icon-box.default\">\n\t\t\t\t<div class=\"elementor-widget-container\">\n\t\t\t\t\t<div class=\"elementor-icon-box-wrapper\">\n\t\t\t\t\t\t<div class=\"elementor-icon-box-icon\">\n\t\t\t\t<span class=\"elementor-icon elementor-animation-\" >\n\t\t\t\t<svg xmlns=\"http:\/\/www.w3.org\/2000\/svg\" width=\"40\" height=\"40\" viewbox=\"0 0 40 40\" fill=\"none\"><circle cx=\"20\" cy=\"20\" r=\"19\" stroke=\"#D8AE5E\" stroke-width=\"2\"><\/circle><circle cx=\"19.6\" cy=\"19.6\" r=\"10\" fill=\"#D8AE5E\"><\/circle><\/svg>\t\t\t\t<\/span>\n\t\t\t<\/div>\n\t\t\t\t\t\t<div class=\"elementor-icon-box-content\">\n\t\t\t\t<h3 class=\"elementor-icon-box-title\">\n\t\t\t\t\t<span  >\n\t\t\t\t\t\tDon d'ovules\t\t\t\t\t<\/span>\n\t\t\t\t<\/h3>\n\t\t\t\t\t\t\t\t\t<p class=\"elementor-icon-box-description\">\n\t\t\t\t\t\tLe don d'ovules est utilis\u00e9 dans le cadre du traitement de l'infertilit\u00e9 dans les cas o\u00f9 la r\u00e9serve ovarienne d'une patiente est \u00e9puis\u00e9e (pendant la m\u00e9nopause, par exemple), ou les ovocytes sont de mauvaise qualit\u00e9 et ne peuvent pas \u00eatre utilis\u00e9s dans un cycle de FIV. Comme dans le cas d'une recherche de m\u00e8re porteuse, il existe plusieurs solutions \u00e0 ce probl\u00e8me.\t\t\t\t\t<\/p>\n\t\t\t\t\t\t\t<\/div>\n\t\t<\/div>\n\t\t\t\t<\/div>\n\t\t\t\t<\/div>\n\t\t\t\t<div class=\"elementor-element elementor-element-11b4e39 elementor-position-top elementor-widget__width-auto elementor-view-default elementor-mobile-position-top elementor-vertical-align-top elementor-widget elementor-widget-icon-box\" data-id=\"11b4e39\" data-element_type=\"widget\" data-widget_type=\"icon-box.default\">\n\t\t\t\t<div class=\"elementor-widget-container\">\n\t\t\t\t\t<div class=\"elementor-icon-box-wrapper\">\n\t\t\t\t\t\t<div class=\"elementor-icon-box-icon\">\n\t\t\t\t<span class=\"elementor-icon elementor-animation-\" >\n\t\t\t\t<svg xmlns=\"http:\/\/www.w3.org\/2000\/svg\" width=\"56\" height=\"42\" viewbox=\"0 0 56 42\" fill=\"none\"><path d=\"M10.4971 39.9904C21.7486 33.4943 16.8398 19.0079 24.4772 14.5984C32.1146 10.189 43.9106 20.699 53.7983 14.9904\" stroke=\"#D8AE5E\" stroke-width=\"4\" stroke-linecap=\"round\"><\/path><path d=\"M2.99704 27C14.2486 20.5039 24.3398 31.9982 31.9772 27.5888C39.6146 23.1793 36.4106 7.70864 46.2983 1.99998\" stroke=\"#D8AE5E\" stroke-width=\"4\" stroke-linecap=\"round\"><\/path><line x1=\"7.13435\" y1=\"25.0793\" x2=\"14.4316\" y2=\"37.7186\" stroke=\"#D8AE5E\" stroke-width=\"2\"><\/line><line x1=\"21.4545\" y1=\"16.8117\" x2=\"28.7518\" y2=\"29.451\" stroke=\"#D8AE5E\" stroke-width=\"2\"><\/line><line x1=\"27.5917\" y1=\"13.2684\" x2=\"34.889\" y2=\"25.9077\" stroke=\"#D8AE5E\" stroke-width=\"2\"><\/line><line x1=\"42.5937\" y1=\"4.60699\" x2=\"49.891\" y2=\"17.2463\" stroke=\"#D8AE5E\" stroke-width=\"2\"><\/line><\/svg>\t\t\t\t<\/span>\n\t\t\t<\/div>\n\t\t\t\t\t\t<div class=\"elementor-icon-box-content\">\n\t\t\t\t<h3 class=\"elementor-icon-box-title\">\n\t\t\t\t\t<span  >\n\t\t\t\t\t\tIVF\t\t\t\t\t<\/span>\n\t\t\t\t<\/h3>\n\t\t\t\t\t\t\t\t\t<p class=\"elementor-icon-box-description\">\n\t\t\t\t\t\tLa technologie de f\u00e9condation in vitro a \u00e9t\u00e9 utilis\u00e9e partout dans le monde au cours des derni\u00e8res d\u00e9cennies. Les chances de tomber enceinte avec l'aide de la FIV augmentent, car les m\u00e9thodes de PMA sont constamment am\u00e9lior\u00e9es. De nos jours, une grossesse apr\u00e8s FIV survient en moyenne dans quarante pour cent des cas.\t\t\t\t\t<\/p>\n\t\t\t\t\t\t\t<\/div>\n\t\t<\/div>\n\t\t\t\t<\/div>\n\t\t\t\t<\/div>\n\t\t\t\t\t<\/div>\n\t\t<\/div>\n\t\t\t\t\t\t\t<\/div>\n\t\t<\/section>\n\t\t\t\t\t\t<\/div>\n\t\t\t\t<\/div>\n\t\t\t\t<\/div>\n\t\t\t\t<\/div>\n\t\t\t\t\t<\/div>\n\t\t<\/div>\n\t\t\t\t\t\t\t<\/div>\n\t\t<\/section>\n\t\t\t\t\t\t\t<\/div>","protected":false},"excerpt":{"rendered":"<p>Our programs Cryoembryos and one cryotransfer surrogacy program Cryoembryos and three cryotransfer surrogacy program Surrogacy program with the provision of an oocyte donor and one cryotransfer Surrogacy program with the provision of an oocyte donor and three cryotransfer Menu What is surrogacy? How to Find a Surrogate Mother Requirements for Surrogate Mothers How your money &hellip;<\/p>\n<p class=\"read-more\"> <a class=\"\" href=\"https:\/\/surrogacymed.com\/fra\/our-programs\/\"> <span class=\"screen-reader-text\">Nos programmes<\/span> Lire la suite\u00a0\u00bb<\/a><\/p>","protected":false},"author":1,"featured_media":0,"parent":0,"menu_order":0,"comment_status":"closed","ping_status":"closed","template":"","meta":{"inline_featured_image":false,"site-sidebar-layout":"no-sidebar","site-content-layout":"page-builder","ast-global-header-display":"","ast-main-header-display":"","ast-hfb-above-header-display":"","ast-hfb-below-header-display":"","ast-hfb-mobile-header-display":"","site-post-title":"disabled","ast-breadcrumbs-content":"","ast-featured-img":"disabled","footer-sml-layout":"","theme-transparent-header-meta":"default","adv-header-id-meta":"","stick-header-meta":"","header-above-stick-meta":"","header-main-stick-meta":"","header-below-stick-meta":"","footnotes":""},"class_list":["post-630","page","type-page","status-publish","hentry"],"_links":{"self":[{"href":"https:\/\/surrogacymed.com\/fra\/wp-json\/wp\/v2\/pages\/630","targetHints":{"allow":["GET"]}}],"collection":[{"href":"https:\/\/surrogacymed.com\/fra\/wp-json\/wp\/v2\/pages"}],"about":[{"href":"https:\/\/surrogacymed.com\/fra\/wp-json\/wp\/v2\/types\/page"}],"author":[{"embeddable":true,"href":"https:\/\/surrogacymed.com\/fra\/wp-json\/wp\/v2\/users\/1"}],"replies":[{"embeddable":true,"href":"https:\/\/surrogacymed.com\/fra\/wp-json\/wp\/v2\/comments?post=630"}],"version-history":[{"count":61,"href":"https:\/\/surrogacymed.com\/fra\/wp-json\/wp\/v2\/pages\/630\/revisions"}],"predecessor-version":[{"id":1865,"href":"https:\/\/surrogacymed.com\/fra\/wp-json\/wp\/v2\/pages\/630\/revisions\/1865"}],"wp:attachment":[{"href":"https:\/\/surrogacymed.com\/fra\/wp-json\/wp\/v2\/media?parent=630"}],"curies":[{"name":"wp","href":"https:\/\/api.w.org\/{rel}","templated":true}]}}